{"id":297,"date":"2018-06-05T07:46:41","date_gmt":"2018-06-05T07:46:41","guid":{"rendered":"https:\/\/agpharm.pl\/?page_id=297"},"modified":"2023-11-07T21:06:18","modified_gmt":"2023-11-07T20:06:18","slug":"power-energy","status":"publish","type":"page","link":"https:\/\/agpharm.pl\/?page_id=297","title":{"rendered":"Dystrybucja Surowc\u00f3w"},"content":{"rendered":"<section class=\"wpb-content-wrapper\">[vc_row css_animation=&#8221;slideInUp&#8221; css=&#8221;.vc_custom_1699386444865{border-top-width: 0px !important;border-top-color: #dee0e9 !important;border-top-style: solid !important;}&#8221;][vc_column]<div class=\"cws_spacing cws_spacing_size_sm_desctop-on cws_spacing_tablet-on cws_spacing_mobile-on\"><div class=\"cws_spacing cws_spacing_default\" style=\"height:100px;\"><\/div> <div class=\"cws_spacing cws_spacing_size_sm_desctop\" style=\"height:1px;\"><\/div> <div class=\"cws_spacing cws_spacing_tablet\" style=\"height:1px;\"><\/div> <div class=\"cws_spacing cws_spacing_mobile\" style=\"height:40px;\"><\/div><\/div>[\/vc_column][\/vc_row][vc_row css_animation=&#8221;slideInUp&#8221; css=&#8221;.vc_custom_1699386444865{border-top-width: 0px !important;border-top-color: #dee0e9 !important;border-top-style: solid !important;}&#8221;][vc_column width=&#8221;1\/4&#8243;][vc_single_image image=&#8221;4023&#8243; img_size=&#8221;full&#8221;][vc_single_image image=&#8221;4024&#8243; img_size=&#8221;full&#8221;][\/vc_column][vc_column width=&#8221;3\/4&#8243;]<div class='cws_textmodule cws_vc_shortcode_module' id='cws_textmodule_69f63233c1b6e'><div class='cws_textmodule_wrapper add_divider'><div class='cws_textmodule_text text_align_left'><div class='cws_textmodule_titles display_block'><h3 class='cws_textmodule_title'>Dystrybucja surowc\u00f3w<\/h3><\/div><div class='cws_textmodule_content'><div class='text_content_wrapper'><p>Jeste\u015bmy wy\u0142\u0105cznym dystrybutorem na wschodni\u0105 cz\u0119\u015b\u0107 Europy marek:<\/p>\n<p><strong>Nizona<\/strong> &#8211; najwy\u017cszej jako\u015bci kolagen rybi z Indii. Nizona to firma specjalizuj\u0105ca si\u0119 w produkcji i dystrybucji ekologicznych produkt\u00f3w spo\u017cywczych. Oferta Nizona obejmuje szeroki zakres artyku\u0142\u00f3w, takich jak ekologiczne owoce, warzywa, produkty zbo\u017cowe, oleje, przyprawy i wiele innych. Maj\u0105 oni swoj\u0105 g\u0142\u00f3wn\u0105 siedzib\u0119 ma w Japonii i na tamtejszy rynek przede wszystkim dostarcza produkty na bazie kolagenu.<\/p>\n<p><strong>Natural Field<\/strong> &#8211; to chi\u0144ski producent surowc\u00f3w do suplement\u00f3w diety. Ich misj\u0105 jest dostarczanie klientom dost\u0119pu do produkt\u00f3w, kt\u00f3re nie tylko s\u0142u\u017c\u0105 zdrowiu, ale tak\u017ce stanowi\u0105 korzystny wyb\u00f3r dla \u015brodowiska naturalnego. Z bardzo szerokiej oferty Natural Field wybrali\u015bmy kilka pozycji, kt\u00f3re mamy dost\u0119pne w magazynie w Polsce do natychmiastowej wysy\u0142ki:<\/p>\n<p>-Kreatyna Monohydrat, 200mesh<br \/>\n-MSM<br \/>\n-Koenzym Q10<br \/>\n-Melatonina<br \/>\n-Ashwagandha<br \/>\n-Kwas Alfa Liponowy<\/p>\n<p>Wszystkie surowce przebadane laboratoryjnie w Polsce.<\/p>\n<p>Gwarantujemy najlepsze ceny przy tak wysokiej jako\u015bci.<\/p>\n<\/div><\/div><\/div><\/div><\/div>[\/vc_column][\/vc_row][vc_row css_animation=&#8221;slideInUp&#8221; css=&#8221;.vc_custom_1699386444865{border-top-width: 0px !important;border-top-color: #dee0e9 !important;border-top-style: solid !important;}&#8221;][vc_column]<div class=\"cws_spacing cws_spacing_size_sm_desctop-on cws_spacing_tablet-on cws_spacing_mobile-on\"><div class=\"cws_spacing cws_spacing_default\" style=\"height:50px;\"><\/div> <div class=\"cws_spacing cws_spacing_size_sm_desctop\" style=\"height:1px;\"><\/div> <div class=\"cws_spacing cws_spacing_tablet\" style=\"height:1px;\"><\/div> <div class=\"cws_spacing cws_spacing_mobile\" style=\"height:40px;\"><\/div><\/div>[\/vc_column][\/vc_row]\n<\/section>","protected":false},"excerpt":{"rendered":"<p>[vc_row css_animation=&#8221;slideInUp&#8221; css=&#8221;.vc_custom_1699386444865{border-top-width: 0px !important;border-top-color: #dee0e9 !important;border-top-style: solid !important;}&#8221;][vc_column][\/vc_column][\/vc_row][vc_row css_animation=&#8221;slideInUp&#8221; css=&#8221;.vc_custom_1699386444865{border-top-width: 0px !important;border-top-color: #dee0e9 !important;border-top-style: solid !important;}&#8221;][vc_column width=&#8221;1\/4&#8243;][vc_single_image image=&#8221;4023&#8243; img_size=&#8221;full&#8221;][vc_single_image image=&#8221;4024&#8243; img_size=&#8221;full&#8221;][\/vc_column][vc_column width=&#8221;3\/4&#8243;][\/vc_column][\/vc_row][vc_row css_animation=&#8221;slideInUp&#8221; css=&#8221;.vc_custom_1699386444865{border-top-width: 0px !important;border-top-color: #dee0e9 !important;border-top-style: solid !important;}&#8221;][vc_column][\/vc_column][\/vc_row]<\/p>\n","protected":false},"author":1,"featured_media":0,"parent":0,"menu_order":0,"comment_status":"closed","ping_status":"closed","template":"","meta":{"footnotes":""},"class_list":["post-297","page","type-page","status-publish","hentry"],"_links":{"self":[{"href":"https:\/\/agpharm.pl\/index.php?rest_route=\/wp\/v2\/pages\/297","targetHints":{"allow":["GET"]}}],"collection":[{"href":"https:\/\/agpharm.pl\/index.php?rest_route=\/wp\/v2\/pages"}],"about":[{"href":"https:\/\/agpharm.pl\/index.php?rest_route=\/wp\/v2\/types\/page"}],"author":[{"embeddable":true,"href":"https:\/\/agpharm.pl\/index.php?rest_route=\/wp\/v2\/users\/1"}],"replies":[{"embeddable":true,"href":"https:\/\/agpharm.pl\/index.php?rest_route=%2Fwp%2Fv2%2Fcomments&post=297"}],"version-history":[{"count":30,"href":"https:\/\/agpharm.pl\/index.php?rest_route=\/wp\/v2\/pages\/297\/revisions"}],"predecessor-version":[{"id":3998,"href":"https:\/\/agpharm.pl\/index.php?rest_route=\/wp\/v2\/pages\/297\/revisions\/3998"}],"wp:attachment":[{"href":"https:\/\/agpharm.pl\/index.php?rest_route=%2Fwp%2Fv2%2Fmedia&parent=297"}],"curies":[{"name":"wp","href":"https:\/\/api.w.org\/{rel}","templated":true}]}}