{"id":529,"date":"2018-06-06T07:50:07","date_gmt":"2018-06-06T05:50:07","guid":{"rendered":"https:\/\/agpharm.pl\/?page_id=529"},"modified":"2023-11-13T12:35:33","modified_gmt":"2023-11-13T11:35:33","slug":"strona-glowna","status":"publish","type":"page","link":"https:\/\/agpharm.pl\/","title":{"rendered":"Strona G\u0142\u00f3wna"},"content":{"rendered":"<section class=\"wpb-content-wrapper\">[vc_row full_width=&#8221;stretch_row&#8221;][vc_column css_animation=&#8221;slideInLeft&#8221; width=&#8221;1\/2&#8243;]<div class=\"cws_spacing cws_spacing_size_sm_desctop-on cws_spacing_tablet-on cws_spacing_mobile-on\"><div class=\"cws_spacing cws_spacing_default\" style=\"height:90px;\"><\/div> <div class=\"cws_spacing cws_spacing_size_sm_desctop\" style=\"height:90px;\"><\/div> <div class=\"cws_spacing cws_spacing_tablet\" style=\"height:50px;\"><\/div> <div class=\"cws_spacing cws_spacing_mobile\" style=\"height:50px;\"><\/div><\/div><div class='cws_textmodule cws_vc_shortcode_module' id='cws_textmodule_69d23b143a703'><div class='cws_textmodule_wrapper add_divider'><div class='cws_textmodule_text text_align_left'><div class='cws_textmodule_titles display_block'><h4 class='cws_textmodule_subtitle'>Kim jest<\/h4><h3 class='cws_textmodule_title'>AG <strong>Pharm<\/strong><\/h3><\/div><div class='cws_textmodule_content'><div class='text_content_wrapper'><p><span id=\"page2R_mcid17\" class=\"markedContent\"><span dir=\"ltr\" role=\"presentation\">Specjalizujemy si<\/span><span dir=\"ltr\" role=\"presentation\">\u0119<\/span>\u00a0<span dir=\"ltr\" role=\"presentation\">w produkcji kontraktowej suplement\u00f3w diety.\u00a0<\/span><\/span><span id=\"page2R_mcid18\" class=\"markedContent\"><span dir=\"ltr\" role=\"presentation\">Dbamy o najwy<\/span><span dir=\"ltr\" role=\"presentation\">\u017c<\/span><span dir=\"ltr\" role=\"presentation\">sz<\/span><span dir=\"ltr\" role=\"presentation\">\u0105<\/span>\u00a0<span dir=\"ltr\" role=\"presentation\">jako<\/span><span dir=\"ltr\" role=\"presentation\">\u015b\u0107<\/span>\u00a0<span dir=\"ltr\" role=\"presentation\">\u015b<\/span><span dir=\"ltr\" role=\"presentation\">wiadczonych us<\/span><span dir=\"ltr\" role=\"presentation\">\u0142<\/span><span dir=\"ltr\" role=\"presentation\">ug oraz rzeteln<\/span><span dir=\"ltr\" role=\"presentation\">\u0105<\/span>\u00a0<span dir=\"ltr\" role=\"presentation\">obs<\/span><span dir=\"ltr\" role=\"presentation\">\u0142<\/span><span dir=\"ltr\" role=\"presentation\">ug<\/span><span dir=\"ltr\" role=\"presentation\">\u0119<\/span>\u00a0<span dir=\"ltr\" role=\"presentation\">klient\u00f3w.<\/span><\/span><\/p>\n<p><span id=\"page2R_mcid19\" class=\"markedContent\"><span dir=\"ltr\" role=\"presentation\">Wspomagamy naszych kontrahent\u00f3w w znajdowaniu optymalnych rozwi<\/span><span dir=\"ltr\" role=\"presentation\">\u0105<\/span><span dir=\"ltr\" role=\"presentation\">za<\/span><span dir=\"ltr\" role=\"presentation\">\u0144<\/span>\u00a0<span dir=\"ltr\" role=\"presentation\">technologicznych,\u00a0<\/span><span dir=\"ltr\" role=\"presentation\">zapewniamy doradztwo, pocz<\/span><span dir=\"ltr\" role=\"presentation\">\u0105<\/span><span dir=\"ltr\" role=\"presentation\">wszy od opracowania technologii i sk<\/span><span dir=\"ltr\" role=\"presentation\">\u0142<\/span><span dir=\"ltr\" role=\"presentation\">adu, poprzez\u00a0<\/span><span dir=\"ltr\" role=\"presentation\">przeprowadzanie pr\u00f3b technologicznych, produkcj<\/span><span dir=\"ltr\" role=\"presentation\">\u0119<\/span><span dir=\"ltr\" role=\"presentation\">, pakowanie, etykietowanie, opracowanie\u00a0<\/span><span dir=\"ltr\" role=\"presentation\">dokumentacji i rejestracj<\/span><span dir=\"ltr\" role=\"presentation\">\u0119<\/span>\u00a0<span dir=\"ltr\" role=\"presentation\">produktu.<\/span><\/span><\/p>\n<p><span id=\"page2R_mcid20\" class=\"markedContent\"><span dir=\"ltr\" role=\"presentation\">To co nas wyr\u00f3<\/span><span dir=\"ltr\" role=\"presentation\">\u017c<\/span><span dir=\"ltr\" role=\"presentation\">nia to czas realizacji zam\u00f3wienia. Jedn<\/span><span dir=\"ltr\" role=\"presentation\">\u0105<\/span>\u00a0<span dir=\"ltr\" role=\"presentation\">z ga<\/span><span dir=\"ltr\" role=\"presentation\">\u0142\u0119<\/span><span dir=\"ltr\" role=\"presentation\">zi naszej dzia<\/span><span dir=\"ltr\" role=\"presentation\">\u0142<\/span><span dir=\"ltr\" role=\"presentation\">alno<\/span><span dir=\"ltr\" role=\"presentation\">\u015b<\/span><span dir=\"ltr\" role=\"presentation\">ci jest\u00a0<\/span><span dir=\"ltr\" role=\"presentation\">dystrybucja surowc\u00f3w, pozwala nam to rozpocz<\/span><span dir=\"ltr\" role=\"presentation\">\u0105\u0107<\/span>\u00a0<span dir=\"ltr\" role=\"presentation\">produkcj<\/span><span dir=\"ltr\" role=\"presentation\">\u0119<\/span>\u00a0<span dir=\"ltr\" role=\"presentation\">zleconego zam\u00f3wienia ju<\/span><span dir=\"ltr\" role=\"presentation\">\u017c<\/span>\u00a0<span dir=\"ltr\" role=\"presentation\">kilka dni\u00a0<\/span><span dir=\"ltr\" role=\"presentation\">po zatwierdzeniu formurlacji produktu.<\/span><\/span><\/p>\n<div class='cws_custom_button_wrapper simple'><span><a href=\"\/?page_id=661\" class='cws_custom_button'>Czytaj wi\u0119cej<\/a><\/span><\/div><\/div><\/div><\/div><\/div><\/div><div class=\"cws_spacing cws_spacing_size_sm_desctop-on cws_spacing_tablet-on cws_spacing_mobile-on\"><div class=\"cws_spacing cws_spacing_default\" style=\"height:130px;\"><\/div> <div class=\"cws_spacing cws_spacing_size_sm_desctop\" style=\"height:130px;\"><\/div> <div class=\"cws_spacing cws_spacing_tablet\" style=\"height:80px;\"><\/div> <div class=\"cws_spacing cws_spacing_mobile\" style=\"height:0px;\"><\/div><\/div>[\/vc_column][vc_column css_animation=&#8221;slideInRight&#8221; width=&#8221;1\/2&#8243; bg_cws_repeat=&#8221;no-repeat&#8221; bg_cws_size=&#8221;cover&#8221; bg_image_position=&#8221;center_center&#8221; place_ahead=&#8221;1&#8243; cws_mobile_paddings=&#8221;300px 0px 0px 0px&#8221;]<div class=\"cws_spacing cws_spacing_size_sm_desctop-on cws_spacing_tablet-on cws_spacing_mobile-on\"><div class=\"cws_spacing cws_spacing_default\" style=\"height:150px;\"><\/div> <div class=\"cws_spacing cws_spacing_size_sm_desctop\" style=\"height:150px;\"><\/div> <div class=\"cws_spacing cws_spacing_tablet\" style=\"height:100px;\"><\/div> <div class=\"cws_spacing cws_spacing_mobile\" style=\"height:0px;\"><\/div><\/div>[vc_single_image image=&#8221;3900&#8243; img_size=&#8221;600&#215;480&#8243; alignment=&#8221;center&#8221;]<div class=\"cws_spacing cws_spacing_size_sm_desctop-on cws_spacing_tablet-on cws_spacing_mobile-on\"><div class=\"cws_spacing cws_spacing_default\" style=\"height:1px;\"><\/div> <div class=\"cws_spacing cws_spacing_size_sm_desctop\" style=\"height:1px;\"><\/div> <div class=\"cws_spacing cws_spacing_tablet\" style=\"height:1px;\"><\/div> <div class=\"cws_spacing cws_spacing_mobile\" style=\"height:50px;\"><\/div><\/div>[\/vc_column][\/vc_row][vc_row full_width=&#8221;stretch_row_content_no_spaces&#8221; equal_height=&#8221;yes&#8221;][vc_column width=&#8221;1\/2&#8243; bg_cws_repeat=&#8221;no-repeat&#8221; bg_cws_size=&#8221;cover&#8221; bg_image_position=&#8221;center_top&#8221; css=&#8221;.vc_custom_1699875253253{background-image: url(https:\/\/agpharm.pl\/wp-content\/uploads\/2023\/11\/produkcja-glowna.jpg?id=4072) !important;}&#8221; offset=&#8221;vc_hidden-xs&#8221;][\/vc_column][vc_column css_animation=&#8221;slideInDown&#8221; width=&#8221;1\/2&#8243; cws_mobile_paddings=&#8221;50px 20px 50px 20px&#8221; cws_tablet_portrait_paddings=&#8221;50px 20px 50px 20px&#8221; cws_tablet_landscape_paddings=&#8221;50px 20px 50px 20px&#8221; css=&#8221;.vc_custom_1538988387119{padding-top: 110px !important;padding-right: 150px !important;padding-bottom: 120px !important;padding-left: 150px !important;}&#8221;]<div class='cws_textmodule cws_vc_shortcode_module' id='cws_textmodule_69d23b143a7e5'><div class='cws_textmodule_wrapper add_divider'><div class='cws_textmodule_text text_align_center'><div class='cws_textmodule_titles display_block'><h3 class='cws_textmodule_title'><strong>PRODUKCJA <\/strong>KONTRAKTOWA<\/h3><\/div><div class='cws_textmodule_content'><div class='text_content_wrapper'><p>Chcia\u0142by\u015b zainicjowa\u0107 sprzeda\u017c suplement\u00f3w diety, ale nie posiadasz swojej w\u0142asnej linii produkcyjnej? Brakuje Ci do\u015bwiadczenia oraz odpowiednich zasob\u00f3w ludzkich do prowadzenia poszczeg\u00f3lnych proces\u00f3w wytwarzania?<\/p>\n<div class='cws_custom_button_wrapper simple'><span><a href=\"\/?page_id=137\" class='cws_custom_button'>Czytaj wi\u0119cej<\/a><\/span><\/div><\/div><\/div><\/div><\/div><\/div>[\/vc_column][\/vc_row][vc_row full_width=&#8221;stretch_row_content_no_spaces&#8221; equal_height=&#8221;yes&#8221; bg_image_position=&#8221;center_top&#8221;][vc_column css_animation=&#8221;slideInUp&#8221; width=&#8221;1\/2&#8243; cws_mobile_paddings=&#8221;50px 20px 50px 20px&#8221; cws_tablet_portrait_paddings=&#8221;50px 20px 50px 20px&#8221; cws_tablet_landscape_paddings=&#8221;50px 20px 50px 20px&#8221; css=&#8221;.vc_custom_1538988394384{padding-top: 110px !important;padding-right: 150px !important;padding-bottom: 120px !important;padding-left: 150px !important;}&#8221;]<div class='cws_textmodule cws_vc_shortcode_module' id='cws_textmodule_69d23b143a89a'><div class='cws_textmodule_wrapper add_divider'><div class='cws_textmodule_text text_align_center'><div class='cws_textmodule_titles display_block'><h3 class='cws_textmodule_title'><strong>Laboratorium <\/strong>i badania<\/h3><\/div><div class='cws_textmodule_content'><div class='text_content_wrapper'><p>Jako o\u015brodek badawczo-rozwojowy naszym partnerem zosta\u0142 Lubuski O\u015brodek Innowacji i Wdro\u017ce\u0144 Agrotechnicznych, kt\u00f3ry jest nadzorowany przez Uniwersytet Zielonog\u00f3rski. G\u0142\u00f3wne obszary dzia\u0142alno\u015bci laboratorium skupiaj\u0105 si\u0119 wok\u00f3\u0142 prac dla sektora rolno-spo\u017cywczego.<\/p>\n<div class='cws_custom_button_wrapper simple'><span><a href=\"\/?page_id=373\" class='cws_custom_button'>Czytaj wi\u0119cej<\/a><\/span><\/div><\/div><\/div><\/div><\/div><\/div>[\/vc_column][vc_column width=&#8221;1\/2&#8243; bg_cws_repeat=&#8221;no-repeat&#8221; bg_cws_size=&#8221;cover&#8221; bg_image_position=&#8221;center_bottom&#8221; css=&#8221;.vc_custom_1699875280982{background-image: url(https:\/\/agpharm.pl\/wp-content\/uploads\/2023\/11\/onas-title.jpg?id=4073) !important;}&#8221; offset=&#8221;vc_hidden-xs&#8221;][\/vc_column][\/vc_row][vc_row full_width=&#8221;stretch_row_content_no_spaces&#8221; equal_height=&#8221;yes&#8221;][vc_column width=&#8221;1\/2&#8243; bg_cws_repeat=&#8221;no-repeat&#8221; bg_cws_size=&#8221;cover&#8221; bg_image_position=&#8221;center_top&#8221; css=&#8221;.vc_custom_1699875331652{background-image: url(https:\/\/agpharm.pl\/wp-content\/uploads\/2023\/11\/kontakt.jpg?id=4074) !important;}&#8221; offset=&#8221;vc_hidden-xs&#8221;][\/vc_column][vc_column css_animation=&#8221;slideInDown&#8221; width=&#8221;1\/2&#8243; cws_mobile_paddings=&#8221;50px 20px 50px 20px&#8221; cws_tablet_portrait_paddings=&#8221;50px 20px 50px 20px&#8221; cws_tablet_landscape_paddings=&#8221;50px 20px 50px 20px&#8221; css=&#8221;.vc_custom_1538988387119{padding-top: 110px !important;padding-right: 150px !important;padding-bottom: 120px !important;padding-left: 150px !important;}&#8221;]<div class='cws_textmodule cws_vc_shortcode_module' id='cws_textmodule_69d23b143a942'><div class='cws_textmodule_wrapper add_divider'><div class='cws_textmodule_text text_align_center'><div class='cws_textmodule_titles display_block'><h3 class='cws_textmodule_title'><strong>Dystrybucja <\/strong>surowc\u00f3w<\/h3><\/div><div class='cws_textmodule_content'><div class='text_content_wrapper'><p>Jeste\u015bmy wy\u0142\u0105cznym dystrybutorem na wschodni\u0105 cz\u0119\u015b\u0107 Europy marek :<br \/>\nNizona &#8211; najwy\u017cszej jako\u015bci kolagen rybi z Indii. Firma Nizona to firma, kt\u00f3ra swoj\u0105 g\u0142\u00f3wn\u0105 siedzib\u0119 ma w Japonii i na tamtejszy rynek przede wszystkim dostarcza produkty na bazie kolagenu.<\/p>\n<div class='cws_custom_button_wrapper simple'><span><a href=\"https:\/\/agpharm.pl\/?page_id=297\" class='cws_custom_button'>Czytaj wi\u0119cej<\/a><\/span><\/div><\/div><\/div><\/div><\/div><\/div>[\/vc_column][\/vc_row]\n<\/section>","protected":false},"excerpt":{"rendered":"<p>[vc_row full_width=&#8221;stretch_row&#8221;][vc_column css_animation=&#8221;slideInLeft&#8221; width=&#8221;1\/2&#8243;][\/vc_column][vc_column css_animation=&#8221;slideInRight&#8221; width=&#8221;1\/2&#8243; bg_cws_repeat=&#8221;no-repeat&#8221; bg_cws_size=&#8221;cover&#8221; bg_image_position=&#8221;center_center&#8221; place_ahead=&#8221;1&#8243; cws_mobile_paddings=&#8221;300px 0px 0px 0px&#8221;][vc_single_image image=&#8221;3900&#8243; img_size=&#8221;600&#215;480&#8243; alignment=&#8221;center&#8221;][\/vc_column][\/vc_row][vc_row full_width=&#8221;stretch_row_content_no_spaces&#8221; equal_height=&#8221;yes&#8221;][vc_column width=&#8221;1\/2&#8243; bg_cws_repeat=&#8221;no-repeat&#8221; bg_cws_size=&#8221;cover&#8221; bg_image_position=&#8221;center_top&#8221; css=&#8221;.vc_custom_1699875253253{background-image: url(https:\/\/agpharm.pl\/wp-content\/uploads\/2023\/11\/produkcja-glowna.jpg?id=4072) !important;}&#8221; offset=&#8221;vc_hidden-xs&#8221;][\/vc_column][vc_column css_animation=&#8221;slideInDown&#8221; width=&#8221;1\/2&#8243; cws_mobile_paddings=&#8221;50px 20px 50px 20px&#8221; cws_tablet_portrait_paddings=&#8221;50px 20px 50px 20px&#8221; cws_tablet_landscape_paddings=&#8221;50px 20px 50px 20px&#8221; css=&#8221;.vc_custom_1538988387119{padding-top: 110px !important;padding-right: 150px !important;padding-bottom: 120px !important;padding-left: 150px !important;}&#8221;][\/vc_column][\/vc_row][vc_row full_width=&#8221;stretch_row_content_no_spaces&#8221; equal_height=&#8221;yes&#8221; bg_image_position=&#8221;center_top&#8221;][vc_column css_animation=&#8221;slideInUp&#8221; width=&#8221;1\/2&#8243; cws_mobile_paddings=&#8221;50px 20px 50px 20px&#8221; cws_tablet_portrait_paddings=&#8221;50px 20px 50px 20px&#8221; cws_tablet_landscape_paddings=&#8221;50px 20px 50px 20px&#8221; css=&#8221;.vc_custom_1538988394384{padding-top: 110px !important;padding-right: 150px !important;padding-bottom: 120px !important;padding-left: 150px !important;}&#8221;][\/vc_column][vc_column width=&#8221;1\/2&#8243; bg_cws_repeat=&#8221;no-repeat&#8221; bg_cws_size=&#8221;cover&#8221; bg_image_position=&#8221;center_bottom&#8221; css=&#8221;.vc_custom_1699875280982{background-image: url(https:\/\/agpharm.pl\/wp-content\/uploads\/2023\/11\/onas-title.jpg?id=4073) !important;}&#8221; offset=&#8221;vc_hidden-xs&#8221;][\/vc_column][\/vc_row][vc_row full_width=&#8221;stretch_row_content_no_spaces&#8221; equal_height=&#8221;yes&#8221;][vc_column width=&#8221;1\/2&#8243; bg_cws_repeat=&#8221;no-repeat&#8221; bg_cws_size=&#8221;cover&#8221; bg_image_position=&#8221;center_top&#8221; css=&#8221;.vc_custom_1699875331652{background-image: url(https:\/\/agpharm.pl\/wp-content\/uploads\/2023\/11\/kontakt.jpg?id=4074) !important;}&#8221; offset=&#8221;vc_hidden-xs&#8221;][\/vc_column][vc_column css_animation=&#8221;slideInDown&#8221; width=&#8221;1\/2&#8243; cws_mobile_paddings=&#8221;50px 20px 50px 20px&#8221; cws_tablet_portrait_paddings=&#8221;50px 20px 50px 20px&#8221; cws_tablet_landscape_paddings=&#8221;50px 20px 50px 20px&#8221; css=&#8221;.vc_custom_1538988387119{padding-top: 110px !important;padding-right: 150px !important;padding-bottom: 120px !important;padding-left: 150px !important;}&#8221;][\/vc_column][\/vc_row]<\/p>\n","protected":false},"author":1,"featured_media":0,"parent":0,"menu_order":0,"comment_status":"closed","ping_status":"closed","template":"","meta":{"footnotes":""},"class_list":["post-529","page","type-page","status-publish","hentry"],"_links":{"self":[{"href":"https:\/\/agpharm.pl\/index.php?rest_route=\/wp\/v2\/pages\/529","targetHints":{"allow":["GET"]}}],"collection":[{"href":"https:\/\/agpharm.pl\/index.php?rest_route=\/wp\/v2\/pages"}],"about":[{"href":"https:\/\/agpharm.pl\/index.php?rest_route=\/wp\/v2\/types\/page"}],"author":[{"embeddable":true,"href":"https:\/\/agpharm.pl\/index.php?rest_route=\/wp\/v2\/users\/1"}],"replies":[{"embeddable":true,"href":"https:\/\/agpharm.pl\/index.php?rest_route=%2Fwp%2Fv2%2Fcomments&post=529"}],"version-history":[{"count":4,"href":"https:\/\/agpharm.pl\/index.php?rest_route=\/wp\/v2\/pages\/529\/revisions"}],"predecessor-version":[{"id":4075,"href":"https:\/\/agpharm.pl\/index.php?rest_route=\/wp\/v2\/pages\/529\/revisions\/4075"}],"wp:attachment":[{"href":"https:\/\/agpharm.pl\/index.php?rest_route=%2Fwp%2Fv2%2Fmedia&parent=529"}],"curies":[{"name":"wp","href":"https:\/\/api.w.org\/{rel}","templated":true}]}}